{"id":2132,"date":"2024-08-05T10:34:49","date_gmt":"2024-08-05T10:34:49","guid":{"rendered":"https:\/\/limasconsulting.ci\/?page_id=2132"},"modified":"2024-09-14T09:59:52","modified_gmt":"2024-09-14T09:59:52","slug":"tous-nos-services","status":"publish","type":"page","link":"https:\/\/limasconsulting.ci\/?page_id=2132","title":{"rendered":"Tous nos services"},"content":{"rendered":"<div class=\"wpb-content-wrapper\"><p>[vc_row][vc_column offset=&#8221;vc_hidden-sm vc_hidden-xs&#8221;][\/vc_column][\/vc_row][vc_row equal_height=&#8221;yes&#8221; el_class=&#8221;all-services&#8221; css=&#8221;.vc_custom_1726074184948{background-position: center !important;background-repeat: no-repeat !important;background-size: cover !important;}&#8221;][vc_column el_class=&#8221;title&#8221;][vc_row_inner equal_height=&#8221;yes&#8221; el_class=&#8221;services&#8221;][vc_column_inner el_class=&#8221;content&#8221; width=&#8221;1\/3&#8243;]\t\t\n\n\t<!-- OT Info Apps -->\n    <div class=\" box-icon-simple center\">                \n         \n\t    \t<i class=\"icon-briefcase \"  ><\/i>\n\t     \n        <div class=\"text\">\n            <h3><span class=\"id-color\">Cr\u00e9ation d'entreprise<\/span><\/h3>\n                    <\/div>\n    <\/div>    \n\n[vc_column_text css=&#8221;&#8221;]Cr\u00e9ation d\u2019entreprise simple et rapide accompagn\u00e9 par des experts de Lima&#8217;s Consulting[\/vc_column_text]\t\t\t\n\t<!-- Element: OT Button 2 --> \n\t<a href=\"https:\/\/limasconsulting.ci\/?page_id=1817\" title=\"Cr\u00e9ez mon entreprise\" target=\"_self\" class=\"btn btn btn-line-black btn-big\">Cr\u00e9ez mon entreprise<\/a>\t\n[\/vc_column_inner][vc_column_inner el_class=&#8221;content&#8221; width=&#8221;1\/3&#8243;]\t\t\n\n\t<!-- OT Info Apps -->\n    <div class=\" box-icon-simple center\">                \n         \n\t    \t<i class=\"icon-documents \"  ><\/i>\n\t     \n        <div class=\"text\">\n            <h3><span class=\"id-color\">Comptabilit\u00e9<\/span><\/h3>\n                    <\/div>\n    <\/div>    \n\n[vc_column_text css=&#8221;&#8221;]D\u00e9claration de TVA, bilan, liasse fiscal, conseils illimit\u00e9s par visio, chat ou t\u00e9l\u00e9phone.[\/vc_column_text]\t\t\t\n\t<!-- Element: OT Button 2 --> \n\t<a href=\"https:\/\/limasconsulting.ci\/?page_id=1873\" title=\"Confiez ma comptabilit\u00e9\" target=\"_self\" class=\"btn btn btn-line-black btn-big\">Confiez ma comptabilit\u00e9<\/a>\t\n[\/vc_column_inner][vc_column_inner el_class=&#8221;content&#8221; width=&#8221;1\/3&#8243;]\t\t\n\n\t<!-- OT Info Apps -->\n    <div class=\" box-icon-simple center\">                \n         \n\t    \t<i class=\"icon-wallet \"  ><\/i>\n\t     \n        <div class=\"text\">\n            <h3><span class=\"id-color\">Fiscalit\u00e9<\/span><\/h3>\n                    <\/div>\n    <\/div>    \n\n[vc_column_text css=&#8221;&#8221;]Assistance pour les d\u00e9clarations fiscales, optimisation des charges fiscales.[\/vc_column_text]\t\t\t\n\t<!-- Element: OT Button 2 --> \n\t<a href=\"https:\/\/limasconsulting.ci\/?page_id=1988\" title=\"G\u00e9rez ma fiscalit\u00e9\" target=\"_self\" class=\"btn btn btn-line-black btn-big\">G\u00e9rez ma fiscalit\u00e9<\/a>\t\n[\/vc_column_inner][vc_column_inner el_class=&#8221;content&#8221; width=&#8221;1\/3&#8243;]\t\t\n\n\t<!-- OT Info Apps -->\n    <div class=\" box-icon-simple center\">                \n         \n\t    \t<i class=\"icon-linegraph \"  ><\/i>\n\t     \n        <div class=\"text\">\n            <h3><span class=\"id-color\">Conseil Financier<\/span><\/h3>\n                    <\/div>\n    <\/div>    \n\n[vc_column_text css=&#8221;&#8221;]Un conseiller financier, c\u2019est du temps lib\u00e9r\u00e9 pour vous !\u00a0\u23f0 Il analyse, il n\u00e9gocie, il optimise.[\/vc_column_text]\t\t\t\n\t<!-- Element: OT Button 2 --> \n\t<a href=\"https:\/\/limasconsulting.ci\/?page_id=2021\" title=\"Demandez un conseiller\" target=\"_self\" class=\"btn btn btn-line-black btn-big\">Demandez un conseiller<\/a>\t\n[\/vc_column_inner][vc_column_inner el_class=&#8221;content&#8221; width=&#8221;1\/3&#8243;]\t\t\n\n\t<!-- OT Info Apps -->\n    <div class=\" box-icon-simple center\">                \n         \n\t    \t<i class=\"icon-presentation \"  ><\/i>\n\t     \n        <div class=\"text\">\n            <h3><span class=\"id-color\">Gestion d'entreprise<\/span><\/h3>\n                    <\/div>\n    <\/div>    \n\n[vc_column_text css=&#8221;&#8221;]Optimisation des processus, d\u00e9veloppement de nouveaux produits ou services, etc.[\/vc_column_text]\t\t\t\n\t<!-- Element: OT Button 2 --> \n\t<a href=\"https:\/\/limasconsulting.ci\/?page_id=3261\" title=\"G\u00e9rez mon entreprise\" target=\"_self\" class=\"btn btn btn-line-black btn-big\">G\u00e9rez mon entreprise<\/a>\t\n[\/vc_column_inner][vc_column_inner el_class=&#8221;content&#8221; width=&#8221;1\/3&#8243;]\t\t\n\n\t<!-- OT Info Apps -->\n    <div class=\" box-icon-simple center\">                \n         \n\t    \t<i class=\"icon-piechart \"  ><\/i>\n\t     \n        <div class=\"text\">\n            <h3><span class=\"id-color\">Audit et Contr\u00f4le<\/span><\/h3>\n                    <\/div>\n    <\/div>    \n\n[vc_column_text css=&#8221;&#8221;]Vous permet d\u2019identifier les points forts et les axes d\u2019am\u00e9lioration de votre gestion financi\u00e8re[\/vc_column_text]\t\t\t\n\t<!-- Element: OT Button 2 --> \n\t<a href=\"https:\/\/limasconsulting.ci\/?page_id=2047\" title=\"Demandez un Audit\" target=\"_self\" class=\"btn btn btn-line-black btn-big\">Demandez un Audit<\/a>\t\n[\/vc_column_inner][vc_column_inner el_class=&#8221;content&#8221; width=&#8221;1\/3&#8243;]\t\t\n\n\t<!-- OT Info Apps -->\n    <div class=\" box-icon-simple center\">                \n         \n\t    \t<i class=\"icon-refresh \"  ><\/i>\n\t     \n        <div class=\"text\">\n            <h3><span class=\"id-color\">Conseil en gestion<\/span><\/h3>\n                    <\/div>\n    <\/div>    \n\n[vc_column_text css=&#8221;&#8221;]Analyse de la concurrence, identification de nouvelles opportunit\u00e9s.[\/vc_column_text]\t\t\t\n\t<!-- Element: OT Button 2 --> \n\t<a href=\"https:\/\/limasconsulting.ci\/?page_id=3279\" title=\"Demandez conseil en Gestion\" target=\"_self\" class=\"btn btn btn-line-black btn-big\">Demandez conseil en Gestion<\/a>\t\n[\/vc_column_inner][vc_column_inner el_class=&#8221;content&#8221; width=&#8221;1\/3&#8243;]\t\t\n\n\t<!-- OT Info Apps -->\n    <div class=\" box-icon-simple center\">                \n         \n\t    \t<i class=\"icon-document \"  ><\/i>\n\t     \n        <div class=\"text\">\n            <h3><span class=\"id-color\">Cession et Acquisition<\/span><\/h3>\n                    <\/div>\n    <\/div>    \n\n[vc_column_text css=&#8221;&#8221;]<\/p>\n<p data-sourcepos=\"1:1-1:69\">Accompagner un Client dans ses Op\u00e9rations <strong>L&#8217;acquisition et la cession<\/strong>.<\/p>\n<p>[\/vc_column_text]\t\t\t\n\t<!-- Element: OT Button 2 --> \n\t<a href=\"https:\/\/limasconsulting.ci\/?page_id=1817\" title=\"Faire une cession \/aquisition\" target=\"_self\" class=\"btn btn btn-line-black btn-big\">Faire une cession \/aquisition<\/a>\t\n[\/vc_column_inner][vc_column_inner el_class=&#8221;content&#8221; width=&#8221;1\/3&#8243;][\/vc_column_inner][\/vc_row_inner][\/vc_column][\/vc_row]<\/p>\n<\/div>","protected":false},"excerpt":{"rendered":"<p>[vc_row][vc_column offset=&#8221;vc_hidden-sm vc_hidden-xs&#8221;][\/vc_column][\/vc_row][vc_row equal_height=&#8221;yes&#8221; el_class=&#8221;all-services&#8221; css=&#8221;.vc_custom_1726074184948{background-position: center !important;background-repeat: no-repeat !important;background-size: cover !important;}&#8221;][vc_column el_class=&#8221;title&#8221;][vc_row_inner equal_height=&#8221;yes&#8221; el_class=&#8221;services&#8221;][vc_column_inner el_class=&#8221;content&#8221; width=&#8221;1\/3&#8243;][vc_column_text css=&#8221;&#8221;]Cr\u00e9ation d\u2019entreprise simple et rapide accompagn\u00e9 par des experts de Lima&#8217;s Consulting[\/vc_column_text][\/vc_column_inner][vc_column_inner el_class=&#8221;content&#8221; width=&#8221;1\/3&#8243;][vc_column_text css=&#8221;&#8221;]D\u00e9claration de TVA, bilan, liasse fiscal, conseils illimit\u00e9s par visio, chat ou t\u00e9l\u00e9phone.[\/vc_column_text][\/vc_column_inner][vc_column_inner el_class=&#8221;content&#8221; width=&#8221;1\/3&#8243;][vc_column_text css=&#8221;&#8221;]Assistance pour les d\u00e9clarations fiscales, optimisation des charges fiscales.[\/vc_column_text][\/vc_column_inner][vc_column_inner [&hellip;]<\/p>\n","protected":false},"author":1,"featured_media":0,"parent":0,"menu_order":0,"comment_status":"closed","ping_status":"closed","template":"page-templates\/template-fullwidth.php","meta":{"footnotes":""},"class_list":["post-2132","page","type-page","status-publish","hentry"],"_links":{"self":[{"href":"https:\/\/limasconsulting.ci\/index.php?rest_route=\/wp\/v2\/pages\/2132","targetHints":{"allow":["GET"]}}],"collection":[{"href":"https:\/\/limasconsulting.ci\/index.php?rest_route=\/wp\/v2\/pages"}],"about":[{"href":"https:\/\/limasconsulting.ci\/index.php?rest_route=\/wp\/v2\/types\/page"}],"author":[{"embeddable":true,"href":"https:\/\/limasconsulting.ci\/index.php?rest_route=\/wp\/v2\/users\/1"}],"replies":[{"embeddable":true,"href":"https:\/\/limasconsulting.ci\/index.php?rest_route=%2Fwp%2Fv2%2Fcomments&post=2132"}],"version-history":[{"count":23,"href":"https:\/\/limasconsulting.ci\/index.php?rest_route=\/wp\/v2\/pages\/2132\/revisions"}],"predecessor-version":[{"id":3311,"href":"https:\/\/limasconsulting.ci\/index.php?rest_route=\/wp\/v2\/pages\/2132\/revisions\/3311"}],"wp:attachment":[{"href":"https:\/\/limasconsulting.ci\/index.php?rest_route=%2Fwp%2Fv2%2Fmedia&parent=2132"}],"curies":[{"name":"wp","href":"https:\/\/api.w.org\/{rel}","templated":true}]}}