{"id":229,"date":"2015-07-27T03:29:01","date_gmt":"2015-07-27T03:29:01","guid":{"rendered":"http:\/\/demo.vegatheme.com\/archilight\/?page_id=229"},"modified":"2024-09-14T01:21:37","modified_gmt":"2024-09-14T01:21:37","slug":"about","status":"publish","type":"page","link":"https:\/\/limasconsulting.ci\/?page_id=229","title":{"rendered":"LIMA&#8217;S CONSULTING"},"content":{"rendered":"<div class=\"wpb-content-wrapper\"><p>[vc_row fullwidth=&#8221;yes&#8221; css=&#8221;.vc_custom_1474447018555{background-position: 0 0 !important;background-repeat: no-repeat !important;}&#8221; el_class=&#8221;side-bg no-padding&#8221;][vc_column]\t<!-- Element: OT Quick Office -->\n\t<div class=\"side-bg\">\n\n\t\t<div class=\"image-container hidden-xs pull-left col-md-5\" style=\"background-image:url(https:\/\/limasconsulting.ci\/wp-content\/uploads\/2024\/08\/presentation-limas.jpg); ?>\" data-delay=\"0\"><\/div>\n\n\t\t<!-- Added this code in 26\/03\/2019 -->\n\t\t<img decoding=\"async\" class=\"visible-xs img-responsive\" src=\"https:\/\/limasconsulting.ci\/wp-content\/uploads\/2024\/08\/presentation-limas.jpg\" \/>\n\n        <div class=\"container\">\n            <div class=\"row\">\n                <div class=\"inner-padding\">\n                    <div class=\"col-md-6 col-md-offset-6 wow fadeInRight\" data-wow-delay=\".2s\">\n                        <h2>L\u2019alli\u00e9 de votre entreprise<\/h2><br\/>\n                        <\/p>\n<p style=\"text-align: justify;\">Bienvenue chez le Cabinet Comptable LIMA\u2019S CONSULTING, o\u00f9 l&#8217;excellence en comptabilit\u00e9 et en gestion financi\u00e8re est notre priorit\u00e9. Depuis notre cr\u00e9ation en 2016, nous avons pour mission de fournir des services comptables et fiscaux de haute qualit\u00e9, adapt\u00e9s aux besoins uniques de nos clients. notre cabinet se distingue par son expertise, son engagement envers la qualit\u00e9 et son approche personnalis\u00e9e.<\/p>\n<p>                    <\/div>\n                    <div class=\"clearfix\"><\/div>\n                <\/div>\n            <\/div>\n        <\/div>\n\t<\/div>\n\n[\/vc_column][\/vc_row][vc_row css=&#8221;.vc_custom_1438749369192{padding-top: 90px !important;padding-bottom: 90px !important;background-color: #f5f5f5 !important;}&#8221;][vc_column animate=&#8221;fadeinup&#8221; el_class=&#8221;container-4&#8243;]\n\t<!-- Element: OT Heading --> \t \n\t<h1 class=\"ot_custom_heading  \" style=\"text-align: center;color: #333333;\" >Notre Equipe<\/h1>\t\n\t<!-- Element: OT Line solid --> \t \n\t<div class=\" separator \"><span><i class=\"fa fa-circle\"><\/i><\/span><\/div>\n\t<div class=\"spacer-single\"><\/div>\t      \n[vc_column_text css=&#8221;&#8221;]<\/p>\n<p style=\"text-align: JUSTIFY;\">Le Cabinet Comptable LIMA\u2019S CONSULTING est compos\u00e9 d\u2019une \u00e9quipe de professionnels exp\u00e9riment\u00e9s, comprenant des comptables agr\u00e9\u00e9s, des conseillers fiscaux et des auditeurs. Nos collaborateurs sont r\u00e9guli\u00e8rement form\u00e9s aux derni\u00e8res \u00e9volutions l\u00e9gislatives et technologiques pour garantir des conseils pertinents et des services de qualit\u00e9. Nous mettons un point d&#8217;honneur \u00e0 offrir un service personnalis\u00e9 et adapt\u00e9 aux besoins sp\u00e9cifiques de chaque client.<\/p>\n<p>[\/vc_column_text]\n\t<!-- Element: OT Our Team --> \t \n    <!-- team member -->\n    <div class=\"de-team-list team-box wow fadeInUp\">\n    \t\t        <div class=\"team-pic\">\n\t        \t<img loading=\"lazy\" decoding=\"async\" width=\"400\" height=\"400\" src=\"https:\/\/limasconsulting.ci\/wp-content\/uploads\/2015\/07\/team_pic_11.jpg\" class=\"img-responsive\" alt=\"\" srcset=\"https:\/\/limasconsulting.ci\/wp-content\/uploads\/2015\/07\/team_pic_11.jpg 400w, https:\/\/limasconsulting.ci\/wp-content\/uploads\/2015\/07\/team_pic_11-300x300.jpg 300w, https:\/\/limasconsulting.ci\/wp-content\/uploads\/2015\/07\/team_pic_11-100x100.jpg 100w, https:\/\/limasconsulting.ci\/wp-content\/uploads\/2015\/07\/team_pic_11-150x150.jpg 150w\" sizes=\"auto, (max-width: 400px) 100vw, 400px\" title=\"Smiles\" \/>          \n\t        <\/div>\n                <div class=\"team-desc\">\n            <h3>John Smith<\/h3>\n            <p class=\"lead\">Project Manager<\/p>            <div class=\"small-border\"><\/div>\n            <p>Duis aute irure dolor in reprehenderit in voluptate velit esse cillum dolore eu fugiat nulla pariatur.<\/p>            <div class=\"social\">\n                <a href=\"#\" target=\"_blank\"><i class=\"fa fa-facebook fa-lg\"><\/i><\/a>                <a href=\"#\" target=\"_blank\"><i class=\"fa fa-twitter fa-lg\"><\/i><\/a>                <a href=\"#\" target=\"_blank\"><i class=\"fa fa-skype fa-lg\"><\/i><\/a>                            <\/div>\n        <\/div>\n    <\/div>\n    <!-- team close -->\n\n\n\t<!-- Element: OT Our Team --> \t \n    <!-- team member -->\n    <div class=\"de-team-list team-box wow fadeInUp\">\n    \t\t        <div class=\"team-pic\">\n\t        \t<img loading=\"lazy\" decoding=\"async\" width=\"400\" height=\"400\" src=\"https:\/\/limasconsulting.ci\/wp-content\/uploads\/2015\/07\/team_pic_21.jpg\" class=\"img-responsive\" alt=\"\" srcset=\"https:\/\/limasconsulting.ci\/wp-content\/uploads\/2015\/07\/team_pic_21.jpg 400w, https:\/\/limasconsulting.ci\/wp-content\/uploads\/2015\/07\/team_pic_21-300x300.jpg 300w, https:\/\/limasconsulting.ci\/wp-content\/uploads\/2015\/07\/team_pic_21-100x100.jpg 100w, https:\/\/limasconsulting.ci\/wp-content\/uploads\/2015\/07\/team_pic_21-150x150.jpg 150w\" sizes=\"auto, (max-width: 400px) 100vw, 400px\" title=\"team_pic_2\" \/>          \n\t        <\/div>\n                <div class=\"team-desc\">\n            <h3>Michael Dennis<\/h3>\n            <p class=\"lead\">Creative Director<\/p>            <div class=\"small-border\"><\/div>\n            <p>Duis aute irure dolor in reprehenderit in voluptate velit esse cillum dolore eu fugiat nulla pariatur.<\/p>            <div class=\"social\">\n                <a href=\"#\" target=\"_blank\"><i class=\"fa fa-google-plus fa-lg\"><\/i><\/a>                <a href=\"#\" target=\"_blank\"><i class=\"fa fa-facebook fa-lg\"><\/i><\/a>                <a href=\"#\" target=\"_blank\"><i class=\"fa fa-skype fa-lg\"><\/i><\/a>                            <\/div>\n        <\/div>\n    <\/div>\n    <!-- team close -->\n\n\n\t<!-- Element: OT Our Team --> \t \n    <!-- team member -->\n    <div class=\"de-team-list team-box wow fadeInUp\">\n    \t\t        <div class=\"team-pic\">\n\t        \t<img loading=\"lazy\" decoding=\"async\" width=\"400\" height=\"400\" src=\"https:\/\/limasconsulting.ci\/wp-content\/uploads\/2015\/07\/team_pic_31.jpg\" class=\"img-responsive\" alt=\"\" srcset=\"https:\/\/limasconsulting.ci\/wp-content\/uploads\/2015\/07\/team_pic_31.jpg 400w, https:\/\/limasconsulting.ci\/wp-content\/uploads\/2015\/07\/team_pic_31-300x300.jpg 300w, https:\/\/limasconsulting.ci\/wp-content\/uploads\/2015\/07\/team_pic_31-100x100.jpg 100w, https:\/\/limasconsulting.ci\/wp-content\/uploads\/2015\/07\/team_pic_31-150x150.jpg 150w\" sizes=\"auto, (max-width: 400px) 100vw, 400px\" title=\"Smiles\" \/>          \n\t        <\/div>\n                <div class=\"team-desc\">\n            <h3>Sarah Michelle<\/h3>\n            <p class=\"lead\">Creative Staff<\/p>            <div class=\"small-border\"><\/div>\n            <p>Duis aute irure dolor in reprehenderit in voluptate velit esse cillum dolore eu fugiat nulla pariatur.<\/p>            <div class=\"social\">\n                <a href=\"#\" target=\"_blank\"><i class=\"fa fa-facebook fa-lg\"><\/i><\/a>                <a href=\"#\" target=\"_blank\"><i class=\"fa fa-twitter fa-lg\"><\/i><\/a>                <a href=\"#\" target=\"_blank\"><i class=\"fa fa-skype fa-lg\"><\/i><\/a>                            <\/div>\n        <\/div>\n    <\/div>\n    <!-- team close -->\n\n\n\t<!-- Element: OT Our Team --> \t \n    <!-- team member -->\n    <div class=\"de-team-list team-box wow fadeInUp\">\n    \t\t        <div class=\"team-pic\">\n\t        \t<img loading=\"lazy\" decoding=\"async\" width=\"400\" height=\"400\" src=\"https:\/\/limasconsulting.ci\/wp-content\/uploads\/2015\/07\/team_pic_41.jpg\" class=\"img-responsive\" alt=\"\" srcset=\"https:\/\/limasconsulting.ci\/wp-content\/uploads\/2015\/07\/team_pic_41.jpg 400w, https:\/\/limasconsulting.ci\/wp-content\/uploads\/2015\/07\/team_pic_41-300x300.jpg 300w, https:\/\/limasconsulting.ci\/wp-content\/uploads\/2015\/07\/team_pic_41-100x100.jpg 100w, https:\/\/limasconsulting.ci\/wp-content\/uploads\/2015\/07\/team_pic_41-150x150.jpg 150w\" sizes=\"auto, (max-width: 400px) 100vw, 400px\" title=\"Smiles\" \/>          \n\t        <\/div>\n                <div class=\"team-desc\">\n            <h3>Katty Wilson<\/h3>\n            <p class=\"lead\">Project Manager<\/p>            <div class=\"small-border\"><\/div>\n            <p>Duis aute irure dolor in reprehenderit in voluptate velit esse cillum dolore eu fugiat nulla pariatur.<\/p>            <div class=\"social\">\n                <a href=\"#\" target=\"_blank\"><i class=\"fa fa-facebook fa-lg\"><\/i><\/a>                <a href=\"#\" target=\"_blank\"><i class=\"fa fa-twitter fa-lg\"><\/i><\/a>                <a href=\"#\" target=\"_blank\"><i class=\"fa fa-skype fa-lg\"><\/i><\/a>                            <\/div>\n        <\/div>\n    <\/div>\n    <!-- team close -->\n\n[\/vc_column][\/vc_row][vc_row css=&#8221;.vc_custom_1724347387994{padding-top: 90px !important;padding-bottom: 90px !important;background-image: url(https:\/\/limasconsulting.ci\/wp-content\/uploads\/2016\/10\/bg-17.jpg?id=1021) !important;background-position: center !important;background-repeat: no-repeat !important;background-size: cover !important;}&#8221; el_class=&#8221;text-light bg-fixed&#8221;][vc_column animate=&#8221;fadeinup&#8221;][vc_row_inner gap=&#8221;25&#8243;][vc_column_inner width=&#8221;1\/2&#8243;]\n\t<!-- Element: OT Heading --> \t \n\t<h1 class=\"ot_custom_heading  \" style=\"color: #ffffff;\" >NOTRE VISION<\/h1>\t\n[vc_separator align=&#8221;align_left&#8221; css=&#8221;&#8221;][vc_column_text css=&#8221;&#8221;]<\/p>\n<p style=\"text-align: JUSTIFY;\">Nous aspirons \u00e0 \u00eatre le partenaire strat\u00e9gique de choix pour nos clients en leur offrant des conseils financiers avis\u00e9s, une expertise technique et un soutien constant pour atteindre leurs objectifs \u00e9conomiques. Nous nous engageons \u00e0 offrir des solutions efficaces, pr\u00e9cises et en temps utile pour aider nos clients \u00e0 atteindre leurs objectifs financiers et \u00e0 naviguer dans un environnement \u00e9conomique complexe. Notre vision est de simplifier la comptabilit\u00e9 pour vous permettre de vous concentrer sur ce qui compte le plus : votre activit\u00e9.<\/p>\n<p>[\/vc_column_text][\/vc_column_inner][vc_column_inner width=&#8221;1\/2&#8243;]\n\t<!-- Element: OT Heading --> \t \n\t<h1 class=\"ot_custom_heading  \" style=\"color: #ffffff;\" >NOTRE ENGAGEMENT<\/h1>\t\n[vc_separator align=&#8221;align_left&#8221; css=&#8221;&#8221;][vc_column_text css=&#8221;&#8221;]<\/p>\n<ul style=\"text-align: justify;\">\n<li><span style=\"text-transform: uppercase;\">Offrir une qualit\u00e9 de service exceptionnelle<\/span>\u00a0: Gr\u00e2ce \u00e0 notre rigueur et notre souci du d\u00e9tail.<\/li>\n<li><span style=\"text-transform: uppercase;\">Maintenir une relation de confiance<\/span>: Par une communication transparente et une \u00e9coute attentive.<\/li>\n<li><span style=\"text-transform: uppercase;\">Apporter des solutions personnalis\u00e9es<\/span>: En tenant compte des sp\u00e9cificit\u00e9s et des objectifs de chaque client.<\/li>\n<li><span style=\"text-transform: uppercase;\">Assurer la confidentialit\u00e9 des informations<\/span>: Avec les plus hauts standards de s\u00e9curit\u00e9.<\/li>\n<\/ul>\n<p>[\/vc_column_text][\/vc_column_inner][\/vc_row_inner][\/vc_column][\/vc_row][vc_row fullwidth=&#8221;yes&#8221; css=&#8221;.vc_custom_1442204580531{padding-top: 60px !important;padding-bottom: 60px !important;}&#8221; el_class=&#8221;call-to-action bg-color text-center&#8221;][vc_column]\t\t\t\n\t<!-- Element: OT Button --> \n\t\t\t<a href=\"http:\/\/demo.archiwp.com\/light-version\/contact\/\" target=\"_self\" class=\"btn btn-line-black btn-big  \">Talk With Us<\/a>\n\t    \n[\/vc_column][\/vc_row]<\/p>\n<\/div>","protected":false},"excerpt":{"rendered":"<p>[vc_row fullwidth=&#8221;yes&#8221; css=&#8221;.vc_custom_1474447018555{background-position: 0 0 !important;background-repeat: no-repeat !important;}&#8221; el_class=&#8221;side-bg no-padding&#8221;][vc_column][\/vc_column][\/vc_row][vc_row css=&#8221;.vc_custom_1438749369192{padding-top: 90px !important;padding-bottom: 90px !important;background-color: #f5f5f5 !important;}&#8221;][vc_column animate=&#8221;fadeinup&#8221; el_class=&#8221;container-4&#8243;][vc_column_text css=&#8221;&#8221;] Le Cabinet Comptable LIMA\u2019S CONSULTING est compos\u00e9 d\u2019une \u00e9quipe de professionnels exp\u00e9riment\u00e9s, comprenant des comptables agr\u00e9\u00e9s, des conseillers fiscaux et des auditeurs. Nos collaborateurs sont r\u00e9guli\u00e8rement form\u00e9s aux derni\u00e8res \u00e9volutions l\u00e9gislatives et technologiques pour garantir [&hellip;]<\/p>\n","protected":false},"author":1,"featured_media":0,"parent":0,"menu_order":0,"comment_status":"open","ping_status":"closed","template":"page-templates\/template-fullwidth.php","meta":{"footnotes":""},"class_list":["post-229","page","type-page","status-publish","hentry"],"_links":{"self":[{"href":"https:\/\/limasconsulting.ci\/index.php?rest_route=\/wp\/v2\/pages\/229","targetHints":{"allow":["GET"]}}],"collection":[{"href":"https:\/\/limasconsulting.ci\/index.php?rest_route=\/wp\/v2\/pages"}],"about":[{"href":"https:\/\/limasconsulting.ci\/index.php?rest_route=\/wp\/v2\/types\/page"}],"author":[{"embeddable":true,"href":"https:\/\/limasconsulting.ci\/index.php?rest_route=\/wp\/v2\/users\/1"}],"replies":[{"embeddable":true,"href":"https:\/\/limasconsulting.ci\/index.php?rest_route=%2Fwp%2Fv2%2Fcomments&post=229"}],"version-history":[{"count":25,"href":"https:\/\/limasconsulting.ci\/index.php?rest_route=\/wp\/v2\/pages\/229\/revisions"}],"predecessor-version":[{"id":3310,"href":"https:\/\/limasconsulting.ci\/index.php?rest_route=\/wp\/v2\/pages\/229\/revisions\/3310"}],"wp:attachment":[{"href":"https:\/\/limasconsulting.ci\/index.php?rest_route=%2Fwp%2Fv2%2Fmedia&parent=229"}],"curies":[{"name":"wp","href":"https:\/\/api.w.org\/{rel}","templated":true}]}}